{"id":1203,"date":"2019-11-22T13:28:25","date_gmt":"2019-11-22T16:28:25","guid":{"rendered":"https:\/\/favinhodemel.com.br\/?page_id=1203"},"modified":"2025-02-04T12:33:35","modified_gmt":"2025-02-04T15:33:35","slug":"matriculas","status":"publish","type":"page","link":"https:\/\/favinhodemel.com.br\/index.php\/matriculas\/","title":{"rendered":"Matr\u00edculas"},"content":{"rendered":"<div class=\"flex_column av_one_full  flex_column_div av-zero-column-padding first  avia-builder-el-0  el_before_av_textblock  avia-builder-el-first  \" style='border-radius:0px; '><p><div  style='padding-bottom:10px; ' class='av-special-heading av-special-heading-h3  blockquote modern-quote modern-centered  avia-builder-el-1  el_before_av_hr  avia-builder-el-first  '><h3 class='av-special-heading-tag '  itemprop=\"headline\"  >UMA ESCOLA FEITA DE SONHOS! <\/h3><div class='special-heading-border'><div class='special-heading-inner-border' ><\/div><\/div><\/div><br \/>\n<div  style=' margin-top:30px; margin-bottom:30px;'  class='hr hr-custom hr-center hr-icon-yes   avia-builder-el-2  el_after_av_heading  avia-builder-el-last '><span class='hr-inner  inner-border-av-border-thin' style=' width:50px; max-width:45%;' ><span class='hr-inner-style'><\/span><\/span><span class='av-seperator-icon'  aria-hidden='true' data-av_icon='\ue809' data-av_iconfont='entypo-fontello'><\/span><span class='hr-inner  inner-border-av-border-thin' style=' width:50px; max-width:45%;' ><span class='hr-inner-style'><\/span><\/span><\/div><\/p><\/div>\n<section class=\"av_textblock_section \"  itemscope=\"itemscope\" itemtype=\"https:\/\/schema.org\/CreativeWork\" ><div class='avia_textblock  '   itemprop=\"text\" ><p style=\"font-weight: 400; text-align: justify;\">A Escola Infantil Favinho de Mel efetiva matr\u00edculas durante todo ano, caso existam vagas dispon\u00edveis.<\/p>\n<p style=\"font-weight: 400; text-align: justify;\">Documentos obrigat\u00f3rios para matr\u00edcula: c\u00f3pia da Certid\u00e3o de Nascimento, c\u00f3pia da Carteira de Vacina\u00e7\u00e3o atualizada, prescri\u00e7\u00e3o para febre atualizada, libera\u00e7\u00e3o de alimentos para crian\u00e7as menores de um ano, identidade e CPF do respons\u00e1vel financeiro, comprova\u00e7\u00e3o de endere\u00e7o e a assinatura do contrato de presta\u00e7\u00e3o de servi\u00e7os no ato da matr\u00edcula do menor.<\/p>\n<p style=\"font-weight: 400; text-align: justify;\">As transfer\u00eancias de turma se d\u00e3o a cada in\u00edcio de ano, usando como refer\u00eancia o m\u00eas de mar\u00e7o.<\/p>\n<p style=\"font-weight: 400; text-align: justify;\">O cancelamento da matr\u00edcula \u00e9 livre em qualquer per\u00edodo do ano, bastando que pais ou respons\u00e1veis avisar com prazo de 30 (trinta) dias de anteced\u00eancia a escola ou a escola avisar no mesmo prazo os pais ou respons\u00e1veis.<\/p>\n<\/div><\/section>\n<div  style='height:50px' class='hr hr-invisible   avia-builder-el-4  el_after_av_textblock  el_before_av_icon_box '><span class='hr-inner ' ><span class='hr-inner-style'><\/span><\/span><\/div>\n<article  class=\"iconbox iconbox_top main_color    avia-builder-el-5  el_after_av_hr  avia-builder-el-last  \"  itemscope=\"itemscope\" itemtype=\"https:\/\/schema.org\/CreativeWork\" ><div class=\"iconbox_content\"><header class=\"entry-content-header\"><div class=\"iconbox_icon heading-color\" aria-hidden='true' data-av_icon='\ue81c' data-av_iconfont='entypo-fontello'  ><\/div><h3 class='iconbox_content_title  '  itemprop=\"headline\"  ><a href='https:\/\/favinhodemel.com.br\/index.php\/contato\/' title='Quer saber mais?'  >Quer saber mais?<\/a><\/h3><\/header><div class='iconbox_content_container  '  itemprop=\"text\"  ><p>Venha nos conhecer pessoalmente!<\/p>\n<\/div><\/div><footer class=\"entry-footer\"><\/footer><\/article>\n","protected":false},"excerpt":{"rendered":"","protected":false},"author":1,"featured_media":0,"parent":0,"menu_order":0,"comment_status":"closed","ping_status":"closed","template":"","meta":{"footnotes":""},"class_list":["post-1203","page","type-page","status-publish","hentry"],"_links":{"self":[{"href":"https:\/\/favinhodemel.com.br\/index.php\/wp-json\/wp\/v2\/pages\/1203","targetHints":{"allow":["GET"]}}],"collection":[{"href":"https:\/\/favinhodemel.com.br\/index.php\/wp-json\/wp\/v2\/pages"}],"about":[{"href":"https:\/\/favinhodemel.com.br\/index.php\/wp-json\/wp\/v2\/types\/page"}],"author":[{"embeddable":true,"href":"https:\/\/favinhodemel.com.br\/index.php\/wp-json\/wp\/v2\/users\/1"}],"replies":[{"embeddable":true,"href":"https:\/\/favinhodemel.com.br\/index.php\/wp-json\/wp\/v2\/comments?post=1203"}],"version-history":[{"count":0,"href":"https:\/\/favinhodemel.com.br\/index.php\/wp-json\/wp\/v2\/pages\/1203\/revisions"}],"wp:attachment":[{"href":"https:\/\/favinhodemel.com.br\/index.php\/wp-json\/wp\/v2\/media?parent=1203"}],"curies":[{"name":"wp","href":"https:\/\/api.w.org\/{rel}","templated":true}]}}