{"id":1183,"date":"2019-11-22T13:16:18","date_gmt":"2019-11-22T16:16:18","guid":{"rendered":"https:\/\/favinhodemel.com.br\/?page_id=1183"},"modified":"2024-07-04T19:27:09","modified_gmt":"2024-07-04T22:27:09","slug":"informacoes-importantes-da-favinho","status":"publish","type":"page","link":"https:\/\/favinhodemel.com.br\/index.php\/informacoes-importantes-da-favinho\/","title":{"rendered":"Informa\u00e7\u00f5es Importantes da Favinho"},"content":{"rendered":"<div class=\"flex_column av_one_full  flex_column_div av-zero-column-padding first  avia-builder-el-0  el_before_av_one_full  avia-builder-el-first  \" style='border-radius:0px; '><p><div  style='padding-bottom:10px; ' class='av-special-heading av-special-heading-h3  blockquote modern-quote modern-centered  avia-builder-el-1  el_before_av_hr  avia-builder-el-first  '><h3 class='av-special-heading-tag '  itemprop=\"headline\"  >Informa\u00e7\u00f5es Importantes da Favinho<\/h3><div class='special-heading-border'><div class='special-heading-inner-border' ><\/div><\/div><\/div><br \/>\n<div  style=' margin-top:30px; margin-bottom:30px;'  class='hr hr-custom hr-center hr-icon-yes   avia-builder-el-2  el_after_av_heading  avia-builder-el-last '><span class='hr-inner  inner-border-av-border-thin' style=' width:50px; max-width:45%;' ><span class='hr-inner-style'><\/span><\/span><span class='av-seperator-icon'  aria-hidden='true' data-av_icon='\ue809' data-av_iconfont='entypo-fontello'><\/span><span class='hr-inner  inner-border-av-border-thin' style=' width:50px; max-width:45%;' ><span class='hr-inner-style'><\/span><\/span><\/div><\/p><\/div>\n<div class=\"flex_column av_one_full  flex_column_div av-zero-column-padding first  avia-builder-el-3  el_after_av_one_full  el_before_av_slideshow_accordion  avia-builder-el-last  column-top-margin\" style='border-radius:0px; '><section class=\"av_textblock_section \"  itemscope=\"itemscope\" itemtype=\"https:\/\/schema.org\/CreativeWork\" ><div class='avia_textblock  '   itemprop=\"text\" ><div id=\"pages\" class=\"paginas\">\n<div class=\"moldurabranca\">\n<p style=\"font-weight: 400; text-align: justify;\">Seguran\u00e7a, excel\u00eancia em educa\u00e7\u00e3o, efici\u00eancia e cortesia: na Favinho de Mel as crian\u00e7as e suas fam\u00edlias se sentem acolhidas desde o primeiro dia, sendo contempladas com propostas que atendem sua curiosidade natural e felizes com a possibilidade de interagir com seus pares da mesma faixa et\u00e1ria.<\/p>\n<p style=\"font-weight: 400; text-align: justify;\">Proposta Pedag\u00f3gica S\u00f3cio-interacionista.<\/p>\n<p style=\"font-weight: 400; text-align: justify;\">Nesta proposta, a crian\u00e7a constr\u00f3i seu conhecimento atrav\u00e9s da intera\u00e7\u00e3o com seus pares.\u00a0Entre os principais te\u00f3ricos desta vertente est\u00e3o os psic\u00f3logos\u00a0Vygotsky\u00a0e\u00a0Piaget. Tamb\u00e9m somos inspiradas em Regio Emilia, que reconhece a crian\u00e7a como ser potente, protagonista, dona de uma inf\u00e2ncia que merece muito mais que cuidados e prote\u00e7\u00e3o.<\/p>\n<p style=\"font-weight: 400; text-align: justify;\">Projeto Pedag\u00f3gico\u00a0\u201c\u00c9 na primeira inf\u00e2ncia que se constr\u00f3i o alicerce do adulto\u201d.<\/p>\n<p style=\"font-weight: 400; text-align: justify;\">Este projeto \u00e9 o resultado da reflex\u00e3o sobre o papel da escola das inf\u00e2ncias na vida das crian\u00e7as, afinal, os primeiros anos da vida de uma crian\u00e7a duram para sempre.\u00a0\u00c9 na primeira inf\u00e2ncia que se constr\u00f3i o alicerce do humano, a base onde s\u00e3o fixadas todas as estruturas da vida. Aquilo que \u00e9 bem constru\u00eddo pode suportar crescimento e transforma\u00e7\u00f5es.<\/p>\n<\/div>\n<\/div>\n<\/div><\/section><\/div>\n<div  id=\"accordion_slider_1\"  class='aviaccordion aviaccordion-title-active  ' style='max-height:630px' data-av-maxheight='630' data-autoplay='true' data-interval='5'   itemscope=\"itemscope\" itemtype=\"https:\/\/schema.org\/Blog\" ><ul class='aviaccordion-inner'><li class='aviaccordion-slide aviaccordion-slide-1' style='left:0%' data-av-left='0'  itemscope=\"itemscope\" itemtype=\"https:\/\/schema.org\/CreativeWork\" ><a class='aviaccordion-slide-link noHover' href='' ><div class='aviaccordion-preview  ' style='width:8.1%'><\/div><\/a><\/li><li class='aviaccordion-slide aviaccordion-slide-2' style='left:7.14285714286%' data-av-left='7.14285714286'  itemscope=\"itemscope\" itemtype=\"https:\/\/schema.org\/CreativeWork\" ><a class='aviaccordion-slide-link noHover' href='' ><div class='aviaccordion-preview  ' style='width:8.1%'><\/div><\/a><\/li><li class='aviaccordion-slide aviaccordion-slide-3' style='left:14.2857142857%' data-av-left='14.2857142857'  itemscope=\"itemscope\" itemtype=\"https:\/\/schema.org\/CreativeWork\" ><a class='aviaccordion-slide-link noHover' href='' ><div class='aviaccordion-preview  ' style='width:8.1%'><\/div><\/a><\/li><li class='aviaccordion-slide aviaccordion-slide-4' style='left:21.4285714286%' data-av-left='21.4285714286'  itemscope=\"itemscope\" itemtype=\"https:\/\/schema.org\/CreativeWork\" ><a class='aviaccordion-slide-link noHover' href='' ><div class='aviaccordion-preview  ' style='width:8.1%'><\/div><\/a><\/li><li class='aviaccordion-slide aviaccordion-slide-5' style='left:28.5714285714%' data-av-left='28.5714285714'  itemscope=\"itemscope\" itemtype=\"https:\/\/schema.org\/CreativeWork\" ><a class='aviaccordion-slide-link noHover' href='' ><div class='aviaccordion-preview  ' style='width:8.1%'><\/div><\/a><\/li><li class='aviaccordion-slide aviaccordion-slide-6' style='left:35.7142857143%' data-av-left='35.7142857143'  itemscope=\"itemscope\" itemtype=\"https:\/\/schema.org\/CreativeWork\" ><a class='aviaccordion-slide-link noHover' href='' ><div class='aviaccordion-preview  ' style='width:8.1%'><\/div><\/a><\/li><li class='aviaccordion-slide aviaccordion-slide-7' style='left:42.8571428571%' data-av-left='42.8571428571'  itemscope=\"itemscope\" itemtype=\"https:\/\/schema.org\/CreativeWork\" ><a class='aviaccordion-slide-link noHover' href='' ><div class='aviaccordion-preview  ' style='width:8.1%'><\/div><\/a><\/li><li class='aviaccordion-slide aviaccordion-slide-8' style='left:50%' data-av-left='50'  itemscope=\"itemscope\" itemtype=\"https:\/\/schema.org\/CreativeWork\" ><a class='aviaccordion-slide-link noHover' href='' ><div class='aviaccordion-preview  ' style='width:8.1%'><\/div><\/a><\/li><li class='aviaccordion-slide aviaccordion-slide-9' style='left:57.1428571429%' data-av-left='57.1428571429'  itemscope=\"itemscope\" itemtype=\"https:\/\/schema.org\/CreativeWork\" ><a class='aviaccordion-slide-link noHover' href='' ><div class='aviaccordion-preview  ' style='width:8.1%'><\/div><\/a><\/li><li class='aviaccordion-slide aviaccordion-slide-10' style='left:64.2857142857%' data-av-left='64.2857142857'  itemscope=\"itemscope\" itemtype=\"https:\/\/schema.org\/CreativeWork\" ><a class='aviaccordion-slide-link noHover' href='' ><div class='aviaccordion-preview  ' style='width:8.1%'><\/div><\/a><\/li><li class='aviaccordion-slide aviaccordion-slide-11' style='left:71.4285714286%' data-av-left='71.4285714286'  itemscope=\"itemscope\" itemtype=\"https:\/\/schema.org\/CreativeWork\" ><a class='aviaccordion-slide-link noHover' href='' ><div class='aviaccordion-preview  ' style='width:8.1%'><\/div><\/a><\/li><li class='aviaccordion-slide aviaccordion-slide-12' style='left:78.5714285714%' data-av-left='78.5714285714'  itemscope=\"itemscope\" itemtype=\"https:\/\/schema.org\/CreativeWork\" ><a class='aviaccordion-slide-link noHover' href='' ><div class='aviaccordion-preview  ' style='width:8.1%'><\/div><\/a><\/li><li class='aviaccordion-slide aviaccordion-slide-13' style='left:85.7142857143%' data-av-left='85.7142857143'  itemscope=\"itemscope\" itemtype=\"https:\/\/schema.org\/CreativeWork\" ><a class='aviaccordion-slide-link noHover' href='' ><div class='aviaccordion-preview  ' style='width:8.1%'><\/div><\/a><\/li><li class='aviaccordion-slide aviaccordion-slide-14' style='left:92.8571428571%' data-av-left='92.8571428571'  itemscope=\"itemscope\" itemtype=\"https:\/\/schema.org\/CreativeWork\" ><a class='aviaccordion-slide-link noHover' href='' ><div class='aviaccordion-preview  ' style='width:8.1%'><\/div><\/a><\/li><\/ul><div class='aviaccordion-spacer' style='padding-bottom:42%'><\/div><\/div>\n<div class=\"flex_column av_one_full  flex_column_div av-zero-column-padding first  avia-builder-el-6  el_after_av_slideshow_accordion  avia-builder-el-no-sibling  \" style='border-radius:0px; '><article  class=\"iconbox iconbox_top main_color    avia-builder-el-7  avia-builder-el-no-sibling  \"  itemscope=\"itemscope\" itemtype=\"https:\/\/schema.org\/CreativeWork\" ><div class=\"iconbox_content\"><header class=\"entry-content-header\"><a href='https:\/\/favinhodemel.com.br\/index.php\/contato\/' title='Quer saber mais?'  class=\"iconbox_icon heading-color\" aria-hidden='true' data-av_icon='\ue81c' data-av_iconfont='entypo-fontello'  ><\/a><h3 class='iconbox_content_title  '  itemprop=\"headline\"  ><a href='https:\/\/favinhodemel.com.br\/index.php\/contato\/' title='Quer saber mais?' >Quer saber mais?<\/a><\/h3><\/header><div class='iconbox_content_container  '  itemprop=\"text\"  ><p>Agende uma visita e venha nos conhecer!<u><\/u><\/p>\n<\/div><\/div><footer class=\"entry-footer\"><\/footer><\/article><\/div>\n","protected":false},"excerpt":{"rendered":"","protected":false},"author":1,"featured_media":0,"parent":0,"menu_order":0,"comment_status":"closed","ping_status":"closed","template":"","meta":{"footnotes":""},"class_list":["post-1183","page","type-page","status-publish","hentry"],"_links":{"self":[{"href":"https:\/\/favinhodemel.com.br\/index.php\/wp-json\/wp\/v2\/pages\/1183","targetHints":{"allow":["GET"]}}],"collection":[{"href":"https:\/\/favinhodemel.com.br\/index.php\/wp-json\/wp\/v2\/pages"}],"about":[{"href":"https:\/\/favinhodemel.com.br\/index.php\/wp-json\/wp\/v2\/types\/page"}],"author":[{"embeddable":true,"href":"https:\/\/favinhodemel.com.br\/index.php\/wp-json\/wp\/v2\/users\/1"}],"replies":[{"embeddable":true,"href":"https:\/\/favinhodemel.com.br\/index.php\/wp-json\/wp\/v2\/comments?post=1183"}],"version-history":[{"count":0,"href":"https:\/\/favinhodemel.com.br\/index.php\/wp-json\/wp\/v2\/pages\/1183\/revisions"}],"wp:attachment":[{"href":"https:\/\/favinhodemel.com.br\/index.php\/wp-json\/wp\/v2\/media?parent=1183"}],"curies":[{"name":"wp","href":"https:\/\/api.w.org\/{rel}","templated":true}]}}