{"id":1175,"date":"2019-11-22T12:58:41","date_gmt":"2019-11-22T15:58:41","guid":{"rendered":"https:\/\/favinhodemel.com.br\/?page_id=1175"},"modified":"2019-11-22T12:58:41","modified_gmt":"2019-11-22T15:58:41","slug":"organizacao-escolar","status":"publish","type":"page","link":"https:\/\/favinhodemel.com.br\/index.php\/organizacao-escolar\/","title":{"rendered":"Organiza\u00e7\u00e3o Escolar"},"content":{"rendered":"<div class=\"flex_column av_one_full  flex_column_div av-zero-column-padding first  avia-builder-el-0  el_before_av_one_full  avia-builder-el-first  \" style='border-radius:0px; '><p><div  style='padding-bottom:10px; ' class='av-special-heading av-special-heading-h3  blockquote modern-quote modern-centered  avia-builder-el-1  el_before_av_hr  avia-builder-el-first  '><h3 class='av-special-heading-tag '  itemprop=\"headline\"  >Organiza\u00e7\u00e3o da a\u00e7\u00e3o educativa<\/h3><div class='special-heading-border'><div class='special-heading-inner-border' ><\/div><\/div><\/div><br \/>\n<div  style=' margin-top:30px; margin-bottom:30px;'  class='hr hr-custom hr-center hr-icon-yes   avia-builder-el-2  el_after_av_heading  avia-builder-el-last '><span class='hr-inner  inner-border-av-border-thin' style=' width:50px; max-width:45%;' ><span class='hr-inner-style'><\/span><\/span><span class='av-seperator-icon'  aria-hidden='true' data-av_icon='\ue809' data-av_iconfont='entypo-fontello'><\/span><span class='hr-inner  inner-border-av-border-thin' style=' width:50px; max-width:45%;' ><span class='hr-inner-style'><\/span><\/span><\/div><\/p><\/div><div class=\"flex_column av_one_full  flex_column_div av-zero-column-padding first  avia-builder-el-3  el_after_av_one_full  el_before_av_one_fourth  column-top-margin\" style='border-radius:0px; '><section class=\"av_textblock_section \"  itemscope=\"itemscope\" itemtype=\"https:\/\/schema.org\/CreativeWork\" ><div class='avia_textblock  '   itemprop=\"text\" ><div id=\"pages\" class=\"paginas\">\n<div class=\"moldurabranca\">\n<p style=\"font-weight: 400;\">Reconhecemos que a educa\u00e7\u00e3o deve afirmar valores e estimular a\u00e7\u00f5es que contribuam para a transforma\u00e7\u00e3o da sociedade, tornando-a mais humana, socialmente justa e voltada para a preserva\u00e7\u00e3o da natureza, estando alinhadas \u00e0 Agenda 2030 da Organiza\u00e7\u00e3o das Na\u00e7\u00f5es Unidas.<\/p>\n<p style=\"font-weight: 400;\">Optamos pela Pedagogia de Projetos que\u00a0\u00e9 uma metodologia de trabalho educacional que tem por objetivo organizar a constru\u00e7\u00e3o dos conhecimentos em torno de metas previamente definidas, de forma coletiva, entre crian\u00e7as e educadores.<\/p>\n<p style=\"font-weight: 400;\">Oferecemos a\u00e7\u00f5es pedag\u00f3gicas de diversos campos de conhecimentos como das artes, das linguagens e da educa\u00e7\u00e3o f\u00edsica inseridas na proposta pedag\u00f3gica e no planejamento e sendo realizadas de forma articulada com o educador titular de cada turma.<\/p>\n<\/div>\n<\/div>\n<\/div><\/section><\/div><div class=\"flex_column av_one_fourth  flex_column_div av-zero-column-padding first  avia-builder-el-5  el_after_av_one_full  el_before_av_one_half  column-top-margin\" style='border-radius:0px; '><\/div><\/p>\n<div class=\"flex_column av_one_half  flex_column_div av-zero-column-padding   avia-builder-el-6  el_after_av_one_fourth  el_before_av_one_fourth  column-top-margin\" style='border-radius:0px; '><div   data-size='no scaling'  data-lightbox_size='large'  data-animation='slide'  data-conditional_play=''  data-ids='1176,1177,1178'  data-video_counter='0'  data-autoplay='true'  data-bg_slider='false'  data-slide_height=''  data-handle='av_slideshow'  data-interval='5'  data-class=' avia-builder-el-7  avia-builder-el-no-sibling  '  data-el_id=''  data-css_id=''  data-scroll_down=''  data-control_layout='av-control-default'  data-custom_markup=''  data-perma_caption=''  data-autoplay_stopper=''  data-image_attachment=''  data-min_height='0px'  data-lazy_loading='disabled'  class='avia-slideshow avia-slideshow-1  av-control-default av-default-height-applied avia-slideshow-no scaling av_slideshow  avia-builder-el-7  avia-builder-el-no-sibling   avia-slide-slider '  itemprop=\"image\" itemscope=\"itemscope\" itemtype=\"https:\/\/schema.org\/ImageObject\" ><ul class='avia-slideshow-inner ' style='padding-bottom: 66.6796875%;' ><li  class=' slide-1 ' ><div data-rel='slideshow-1' class='avia-slide-wrap '   ><img decoding=\"async\" class=\"wp-image-1176 avia-img-lazy-loading-not-1176\"  src=\"https:\/\/favinhodemel.com.br\/wp-content\/uploads\/2019\/11\/organiza\u00e7a\u00e3o-da-a\u00e7\u00e3o-educativa-3-scaled.jpg\" width=\"2560\" height=\"1707\" title='organiza\u00e7a\u00e3o da a\u00e7\u00e3o educativa 3' alt=''  itemprop=\"thumbnailUrl\" srcset=\"https:\/\/favinhodemel.com.br\/wp-content\/uploads\/2019\/11\/organiza\u00e7a\u00e3o-da-a\u00e7\u00e3o-educativa-3-scaled.jpg 2560w, https:\/\/favinhodemel.com.br\/wp-content\/uploads\/2019\/11\/organiza\u00e7a\u00e3o-da-a\u00e7\u00e3o-educativa-3-300x200.jpg 300w, https:\/\/favinhodemel.com.br\/wp-content\/uploads\/2019\/11\/organiza\u00e7a\u00e3o-da-a\u00e7\u00e3o-educativa-3-1030x687.jpg 1030w, https:\/\/favinhodemel.com.br\/wp-content\/uploads\/2019\/11\/organiza\u00e7a\u00e3o-da-a\u00e7\u00e3o-educativa-3-768x512.jpg 768w, https:\/\/favinhodemel.com.br\/wp-content\/uploads\/2019\/11\/organiza\u00e7a\u00e3o-da-a\u00e7\u00e3o-educativa-3-1536x1024.jpg 1536w, https:\/\/favinhodemel.com.br\/wp-content\/uploads\/2019\/11\/organiza\u00e7a\u00e3o-da-a\u00e7\u00e3o-educativa-3-2048x1365.jpg 2048w, https:\/\/favinhodemel.com.br\/wp-content\/uploads\/2019\/11\/organiza\u00e7a\u00e3o-da-a\u00e7\u00e3o-educativa-3-1500x1000.jpg 1500w, https:\/\/favinhodemel.com.br\/wp-content\/uploads\/2019\/11\/organiza\u00e7a\u00e3o-da-a\u00e7\u00e3o-educativa-3-705x470.jpg 705w, https:\/\/favinhodemel.com.br\/wp-content\/uploads\/2019\/11\/organiza\u00e7a\u00e3o-da-a\u00e7\u00e3o-educativa-3-450x300.jpg 450w\" sizes=\"(max-width: 2560px) 100vw, 2560px\" \/><\/div><\/li><li  class=' slide-2 ' ><div data-rel='slideshow-1' class='avia-slide-wrap '   ><img decoding=\"async\" class=\"wp-image-1177 avia-img-lazy-loading-not-1177\"  src=\"https:\/\/favinhodemel.com.br\/wp-content\/uploads\/2019\/11\/organiza\u00e7\u00e3o-da-a\u00e7\u00e3o-educativa-2-scaled.jpg\" width=\"2560\" height=\"1707\" title='organiza\u00e7\u00e3o da a\u00e7\u00e3o educativa (2)' alt=''  itemprop=\"thumbnailUrl\" srcset=\"https:\/\/favinhodemel.com.br\/wp-content\/uploads\/2019\/11\/organiza\u00e7\u00e3o-da-a\u00e7\u00e3o-educativa-2-scaled.jpg 2560w, https:\/\/favinhodemel.com.br\/wp-content\/uploads\/2019\/11\/organiza\u00e7\u00e3o-da-a\u00e7\u00e3o-educativa-2-300x200.jpg 300w, https:\/\/favinhodemel.com.br\/wp-content\/uploads\/2019\/11\/organiza\u00e7\u00e3o-da-a\u00e7\u00e3o-educativa-2-1030x687.jpg 1030w, https:\/\/favinhodemel.com.br\/wp-content\/uploads\/2019\/11\/organiza\u00e7\u00e3o-da-a\u00e7\u00e3o-educativa-2-768x512.jpg 768w, https:\/\/favinhodemel.com.br\/wp-content\/uploads\/2019\/11\/organiza\u00e7\u00e3o-da-a\u00e7\u00e3o-educativa-2-1536x1024.jpg 1536w, https:\/\/favinhodemel.com.br\/wp-content\/uploads\/2019\/11\/organiza\u00e7\u00e3o-da-a\u00e7\u00e3o-educativa-2-2048x1365.jpg 2048w, https:\/\/favinhodemel.com.br\/wp-content\/uploads\/2019\/11\/organiza\u00e7\u00e3o-da-a\u00e7\u00e3o-educativa-2-1500x1000.jpg 1500w, https:\/\/favinhodemel.com.br\/wp-content\/uploads\/2019\/11\/organiza\u00e7\u00e3o-da-a\u00e7\u00e3o-educativa-2-705x470.jpg 705w, https:\/\/favinhodemel.com.br\/wp-content\/uploads\/2019\/11\/organiza\u00e7\u00e3o-da-a\u00e7\u00e3o-educativa-2-450x300.jpg 450w\" sizes=\"(max-width: 2560px) 100vw, 2560px\" \/><\/div><\/li><li  class=' slide-3 ' ><div data-rel='slideshow-1' class='avia-slide-wrap '   ><img decoding=\"async\" class=\"wp-image-1178 avia-img-lazy-loading-not-1178\"  src=\"https:\/\/favinhodemel.com.br\/wp-content\/uploads\/2019\/11\/organiza\u00e7\u00e3o-da-a\u00e7\u00e3o-educativa-5-scaled.jpg\" width=\"2560\" height=\"1707\" title='organiza\u00e7\u00e3o da a\u00e7\u00e3o educativa 5' alt=''  itemprop=\"thumbnailUrl\" srcset=\"https:\/\/favinhodemel.com.br\/wp-content\/uploads\/2019\/11\/organiza\u00e7\u00e3o-da-a\u00e7\u00e3o-educativa-5-scaled.jpg 2560w, https:\/\/favinhodemel.com.br\/wp-content\/uploads\/2019\/11\/organiza\u00e7\u00e3o-da-a\u00e7\u00e3o-educativa-5-300x200.jpg 300w, https:\/\/favinhodemel.com.br\/wp-content\/uploads\/2019\/11\/organiza\u00e7\u00e3o-da-a\u00e7\u00e3o-educativa-5-1030x687.jpg 1030w, https:\/\/favinhodemel.com.br\/wp-content\/uploads\/2019\/11\/organiza\u00e7\u00e3o-da-a\u00e7\u00e3o-educativa-5-768x512.jpg 768w, https:\/\/favinhodemel.com.br\/wp-content\/uploads\/2019\/11\/organiza\u00e7\u00e3o-da-a\u00e7\u00e3o-educativa-5-1536x1024.jpg 1536w, https:\/\/favinhodemel.com.br\/wp-content\/uploads\/2019\/11\/organiza\u00e7\u00e3o-da-a\u00e7\u00e3o-educativa-5-2048x1365.jpg 2048w, https:\/\/favinhodemel.com.br\/wp-content\/uploads\/2019\/11\/organiza\u00e7\u00e3o-da-a\u00e7\u00e3o-educativa-5-1500x1000.jpg 1500w, https:\/\/favinhodemel.com.br\/wp-content\/uploads\/2019\/11\/organiza\u00e7\u00e3o-da-a\u00e7\u00e3o-educativa-5-705x470.jpg 705w, https:\/\/favinhodemel.com.br\/wp-content\/uploads\/2019\/11\/organiza\u00e7\u00e3o-da-a\u00e7\u00e3o-educativa-5-450x300.jpg 450w\" sizes=\"(max-width: 2560px) 100vw, 2560px\" \/><\/div><\/li><\/ul><div class='avia-slideshow-arrows avia-slideshow-controls'><a href='#prev' class='prev-slide' aria-hidden='true' data-av_icon='\ue87c' data-av_iconfont='entypo-fontello'>Anterior<\/a><a href='#next' class='next-slide' aria-hidden='true' data-av_icon='\ue87d' data-av_iconfont='entypo-fontello'>Pr\u00f3ximo<\/a><\/div><div class='avia-slideshow-dots avia-slideshow-controls'><a href='#1' class='goto-slide active' >1<\/a><a href='#2' class='goto-slide ' >2<\/a><a href='#3' class='goto-slide ' >3<\/a><\/div><\/div><\/div><div class=\"flex_column av_one_fourth  flex_column_div av-zero-column-padding   avia-builder-el-8  el_after_av_one_half  el_before_av_hr  column-top-margin\" style='border-radius:0px; '><\/div><\/p>\n<div  style='height:50px' class='hr hr-invisible   avia-builder-el-9  el_after_av_one_fourth  el_before_av_one_full '><span class='hr-inner ' ><span class='hr-inner-style'><\/span><\/span><\/div>\n<div class=\"flex_column av_one_full  flex_column_div av-zero-column-padding first  avia-builder-el-10  el_after_av_hr  avia-builder-el-last  \" style='border-radius:0px; '><article  class=\"iconbox iconbox_top main_color    avia-builder-el-11  avia-builder-el-no-sibling  \"  itemscope=\"itemscope\" itemtype=\"https:\/\/schema.org\/CreativeWork\" ><div class=\"iconbox_content\"><header class=\"entry-content-header\"><a href='https:\/\/favinhodemel.com.br\/index.php\/contato\/' title='Quer saber mais?'  class=\"iconbox_icon heading-color\" aria-hidden='true' data-av_icon='\ue81c' data-av_iconfont='entypo-fontello'  ><\/a><h3 class='iconbox_content_title  '  itemprop=\"headline\"  ><a href='https:\/\/favinhodemel.com.br\/index.php\/contato\/' title='Quer saber mais?' >Quer saber mais?<\/a><\/h3><\/header><div class='iconbox_content_container  '  itemprop=\"text\"  ><p>Venha nos conhecer pessoalmente!<\/p>\n<\/div><\/div><footer class=\"entry-footer\"><\/footer><\/article><\/div>\n","protected":false},"excerpt":{"rendered":"","protected":false},"author":1,"featured_media":0,"parent":0,"menu_order":0,"comment_status":"closed","ping_status":"closed","template":"","meta":{"footnotes":""},"class_list":["post-1175","page","type-page","status-publish","hentry"],"_links":{"self":[{"href":"https:\/\/favinhodemel.com.br\/index.php\/wp-json\/wp\/v2\/pages\/1175","targetHints":{"allow":["GET"]}}],"collection":[{"href":"https:\/\/favinhodemel.com.br\/index.php\/wp-json\/wp\/v2\/pages"}],"about":[{"href":"https:\/\/favinhodemel.com.br\/index.php\/wp-json\/wp\/v2\/types\/page"}],"author":[{"embeddable":true,"href":"https:\/\/favinhodemel.com.br\/index.php\/wp-json\/wp\/v2\/users\/1"}],"replies":[{"embeddable":true,"href":"https:\/\/favinhodemel.com.br\/index.php\/wp-json\/wp\/v2\/comments?post=1175"}],"version-history":[{"count":0,"href":"https:\/\/favinhodemel.com.br\/index.php\/wp-json\/wp\/v2\/pages\/1175\/revisions"}],"wp:attachment":[{"href":"https:\/\/favinhodemel.com.br\/index.php\/wp-json\/wp\/v2\/media?parent=1175"}],"curies":[{"name":"wp","href":"https:\/\/api.w.org\/{rel}","templated":true}]}}