{"id":1148,"date":"2019-11-22T12:18:09","date_gmt":"2019-11-22T15:18:09","guid":{"rendered":"https:\/\/favinhodemel.com.br\/?page_id=1148"},"modified":"2024-07-05T12:11:04","modified_gmt":"2024-07-05T15:11:04","slug":"quem-somos","status":"publish","type":"page","link":"https:\/\/favinhodemel.com.br\/index.php\/quem-somos\/","title":{"rendered":"Quem somos"},"content":{"rendered":"<div class=\"flex_column av_one_full  flex_column_div av-zero-column-padding first  avia-builder-el-0  el_before_av_hr  avia-builder-el-first  \" style='border-radius:0px; '><p><div  style='padding-bottom:10px; ' class='av-special-heading av-special-heading-h3  blockquote modern-quote modern-centered  avia-builder-el-1  el_before_av_hr  avia-builder-el-first  '><h3 class='av-special-heading-tag '  itemprop=\"headline\"  >Nossa Escola<\/h3><div class='special-heading-border'><div class='special-heading-inner-border' ><\/div><\/div><\/div><br \/>\n<div  style=' margin-top:30px; margin-bottom:30px;'  class='hr hr-custom hr-center hr-icon-yes   avia-builder-el-2  el_after_av_heading  el_before_av_heading '><span class='hr-inner  inner-border-av-border-thin' style=' width:50px; max-width:45%;' ><span class='hr-inner-style'><\/span><\/span><span class='av-seperator-icon'  aria-hidden='true' data-av_icon='\ue809' data-av_iconfont='entypo-fontello'><\/span><span class='hr-inner  inner-border-av-border-thin' style=' width:50px; max-width:45%;' ><span class='hr-inner-style'><\/span><\/span><\/div><br \/>\n<div  style='padding-bottom:10px; ' class='av-special-heading av-special-heading-h3  blockquote modern-quote modern-centered  avia-builder-el-3  el_after_av_hr  avia-builder-el-last  '><h3 class='av-special-heading-tag '  itemprop=\"headline\"  >Quem somos<\/h3><div class='special-heading-border'><div class='special-heading-inner-border' ><\/div><\/div><\/div><\/p><\/div>\n<div  style='height:50px' class='hr hr-invisible   avia-builder-el-4  el_after_av_one_full  el_before_av_one_half '><span class='hr-inner ' ><span class='hr-inner-style'><\/span><\/span><\/div>\n<div class=\"flex_column av_one_half  flex_column_div av-zero-column-padding first  avia-builder-el-5  el_after_av_hr  el_before_av_one_half  \" style='border-radius:0px; '><section class=\"av_textblock_section \"  itemscope=\"itemscope\" itemtype=\"https:\/\/schema.org\/CreativeWork\" ><div class='avia_textblock  '   itemprop=\"text\" ><p style=\"font-weight: 400; text-align: justify;\">A\u00a0Favinho de Mel\u00a0\u00e9 uma\u00a0escola infantil\u00a0que atende a\u00a0primeira inf\u00e2ncia,\u00a0beb\u00eas e crian\u00e7as at\u00e9 seis anos\u00a0de idade.\u00a0Recebemos sua crian\u00e7a\u00a0da maneira mais\u00a0am\u00e1vel\u00a0e\u00a0acolhedora\u00a0poss\u00edvel, com\u00a0seguran\u00e7a, excel\u00eancia em educa\u00e7\u00e3o, efici\u00eancia\u00a0e cortesia.<\/p>\n<p style=\"font-weight: 400; text-align: justify;\">Enxergamos a crian\u00e7a\u00a0como um\u00a0ser potente,\u00a0capaz\u00a0e que est\u00e1 na\u00a0centralidade dos processos, que\u00a0brinca livremente\u00a0com seus pares,\u00a0explora os espa\u00e7os,\u00a0conhece o mundo, com\u00a0tempo\u00a0para a\u00a0pesquisa, para as\u00a0descobertas, para as\u00a0experi\u00eancias, para as\u00a0perguntas, para os\u00a0encontros.<\/p>\n<p style=\"font-weight: 400; text-align: justify;\">Uma\u00a0escola aberta\u00a0para a sua\u00a0comunidade\u00a0e que\u00a0abra\u00e7a\u00a0suas\u00a0fam\u00edlias.\u00a0\u00a0Somos\u00a0uma escola feita de sonhos\u00a0h\u00e1 trinta anos.<\/p>\n<p style=\"font-weight: 400; text-align: justify;\">Aqui\u00a0voc\u00ea\u00a0\u00e9 sempre muito\u00a0bem-vindo!<\/p>\n<\/div><\/section><\/div>\n<div class=\"flex_column av_one_half  flex_column_div av-zero-column-padding   avia-builder-el-7  el_after_av_one_half  el_before_av_one_full  \" style='border-radius:0px; '><div   data-size='no scaling'  data-lightbox_size='large'  data-animation='slide'  data-conditional_play=''  data-ids='1149,1150,1151,1152'  data-video_counter='0'  data-autoplay='true'  data-bg_slider='false'  data-slide_height=''  data-handle='av_slideshow'  data-interval='5'  data-class=' avia-builder-el-8  avia-builder-el-no-sibling  '  data-el_id=''  data-css_id=''  data-scroll_down=''  data-control_layout='av-control-default'  data-custom_markup=''  data-perma_caption=''  data-autoplay_stopper=''  data-image_attachment=''  data-min_height='0px'  data-lazy_loading='disabled'  class='avia-slideshow avia-slideshow-1  av-control-default av-default-height-applied avia-slideshow-no scaling av_slideshow  avia-builder-el-8  avia-builder-el-no-sibling   avia-slide-slider '  itemprop=\"image\" itemscope=\"itemscope\" itemtype=\"https:\/\/schema.org\/ImageObject\" ><ul class='avia-slideshow-inner ' style='padding-bottom: 66.6796875%;' ><li  class=' slide-1 ' ><div data-rel='slideshow-1' class='avia-slide-wrap '   ><img decoding=\"async\" class=\"wp-image-1149 avia-img-lazy-loading-not-1149\"  src=\"https:\/\/favinhodemel.com.br\/wp-content\/uploads\/2019\/11\/MG_0192-scaled.jpg\" width=\"2560\" height=\"1707\" title='_MG_0192' alt=''  itemprop=\"thumbnailUrl\" srcset=\"https:\/\/favinhodemel.com.br\/wp-content\/uploads\/2019\/11\/MG_0192-scaled.jpg 2560w, https:\/\/favinhodemel.com.br\/wp-content\/uploads\/2019\/11\/MG_0192-300x200.jpg 300w, https:\/\/favinhodemel.com.br\/wp-content\/uploads\/2019\/11\/MG_0192-1030x687.jpg 1030w, https:\/\/favinhodemel.com.br\/wp-content\/uploads\/2019\/11\/MG_0192-768x512.jpg 768w, https:\/\/favinhodemel.com.br\/wp-content\/uploads\/2019\/11\/MG_0192-1536x1024.jpg 1536w, https:\/\/favinhodemel.com.br\/wp-content\/uploads\/2019\/11\/MG_0192-2048x1365.jpg 2048w, https:\/\/favinhodemel.com.br\/wp-content\/uploads\/2019\/11\/MG_0192-1500x1000.jpg 1500w, https:\/\/favinhodemel.com.br\/wp-content\/uploads\/2019\/11\/MG_0192-705x470.jpg 705w, https:\/\/favinhodemel.com.br\/wp-content\/uploads\/2019\/11\/MG_0192-450x300.jpg 450w\" sizes=\"(max-width: 2560px) 100vw, 2560px\" \/><\/div><\/li><li  class=' slide-2 ' ><div data-rel='slideshow-1' class='avia-slide-wrap '   ><img decoding=\"async\" class=\"wp-image-1150 avia-img-lazy-loading-not-1150\"  src=\"https:\/\/favinhodemel.com.br\/wp-content\/uploads\/2019\/11\/MG_0290-scaled.jpg\" width=\"2560\" height=\"1707\" title='_MG_0290' alt=''  itemprop=\"thumbnailUrl\" srcset=\"https:\/\/favinhodemel.com.br\/wp-content\/uploads\/2019\/11\/MG_0290-scaled.jpg 2560w, https:\/\/favinhodemel.com.br\/wp-content\/uploads\/2019\/11\/MG_0290-300x200.jpg 300w, https:\/\/favinhodemel.com.br\/wp-content\/uploads\/2019\/11\/MG_0290-1030x687.jpg 1030w, https:\/\/favinhodemel.com.br\/wp-content\/uploads\/2019\/11\/MG_0290-768x512.jpg 768w, https:\/\/favinhodemel.com.br\/wp-content\/uploads\/2019\/11\/MG_0290-1536x1024.jpg 1536w, https:\/\/favinhodemel.com.br\/wp-content\/uploads\/2019\/11\/MG_0290-2048x1365.jpg 2048w, https:\/\/favinhodemel.com.br\/wp-content\/uploads\/2019\/11\/MG_0290-1500x1000.jpg 1500w, https:\/\/favinhodemel.com.br\/wp-content\/uploads\/2019\/11\/MG_0290-705x470.jpg 705w, https:\/\/favinhodemel.com.br\/wp-content\/uploads\/2019\/11\/MG_0290-450x300.jpg 450w\" sizes=\"(max-width: 2560px) 100vw, 2560px\" \/><\/div><\/li><li  class=' slide-3 ' ><div data-rel='slideshow-1' class='avia-slide-wrap '   ><img decoding=\"async\" class=\"wp-image-1151 avia-img-lazy-loading-not-1151\"  src=\"https:\/\/favinhodemel.com.br\/wp-content\/uploads\/2019\/11\/MG_0316-scaled.jpg\" width=\"2560\" height=\"1707\" title='_MG_0316' alt=''  itemprop=\"thumbnailUrl\" srcset=\"https:\/\/favinhodemel.com.br\/wp-content\/uploads\/2019\/11\/MG_0316-scaled.jpg 2560w, https:\/\/favinhodemel.com.br\/wp-content\/uploads\/2019\/11\/MG_0316-300x200.jpg 300w, https:\/\/favinhodemel.com.br\/wp-content\/uploads\/2019\/11\/MG_0316-1030x687.jpg 1030w, https:\/\/favinhodemel.com.br\/wp-content\/uploads\/2019\/11\/MG_0316-768x512.jpg 768w, https:\/\/favinhodemel.com.br\/wp-content\/uploads\/2019\/11\/MG_0316-1536x1024.jpg 1536w, https:\/\/favinhodemel.com.br\/wp-content\/uploads\/2019\/11\/MG_0316-2048x1365.jpg 2048w, https:\/\/favinhodemel.com.br\/wp-content\/uploads\/2019\/11\/MG_0316-1500x1000.jpg 1500w, https:\/\/favinhodemel.com.br\/wp-content\/uploads\/2019\/11\/MG_0316-705x470.jpg 705w, https:\/\/favinhodemel.com.br\/wp-content\/uploads\/2019\/11\/MG_0316-450x300.jpg 450w\" sizes=\"(max-width: 2560px) 100vw, 2560px\" \/><\/div><\/li><li  class=' slide-4 ' ><div data-rel='slideshow-1' class='avia-slide-wrap '   ><img decoding=\"async\" class=\"wp-image-1152 avia-img-lazy-loading-not-1152\"  src=\"https:\/\/favinhodemel.com.br\/wp-content\/uploads\/2019\/11\/MG_0318-scaled.jpg\" width=\"2560\" height=\"1707\" title='_MG_0318' alt=''  itemprop=\"thumbnailUrl\" srcset=\"https:\/\/favinhodemel.com.br\/wp-content\/uploads\/2019\/11\/MG_0318-scaled.jpg 2560w, https:\/\/favinhodemel.com.br\/wp-content\/uploads\/2019\/11\/MG_0318-300x200.jpg 300w, https:\/\/favinhodemel.com.br\/wp-content\/uploads\/2019\/11\/MG_0318-1030x687.jpg 1030w, https:\/\/favinhodemel.com.br\/wp-content\/uploads\/2019\/11\/MG_0318-768x512.jpg 768w, https:\/\/favinhodemel.com.br\/wp-content\/uploads\/2019\/11\/MG_0318-1536x1024.jpg 1536w, https:\/\/favinhodemel.com.br\/wp-content\/uploads\/2019\/11\/MG_0318-2048x1365.jpg 2048w, https:\/\/favinhodemel.com.br\/wp-content\/uploads\/2019\/11\/MG_0318-1500x1000.jpg 1500w, https:\/\/favinhodemel.com.br\/wp-content\/uploads\/2019\/11\/MG_0318-705x470.jpg 705w, https:\/\/favinhodemel.com.br\/wp-content\/uploads\/2019\/11\/MG_0318-450x300.jpg 450w\" sizes=\"(max-width: 2560px) 100vw, 2560px\" \/><\/div><\/li><\/ul><div class='avia-slideshow-arrows avia-slideshow-controls'><a href='#prev' class='prev-slide' aria-hidden='true' data-av_icon='\ue87c' data-av_iconfont='entypo-fontello'>Anterior<\/a><a href='#next' class='next-slide' aria-hidden='true' data-av_icon='\ue87d' data-av_iconfont='entypo-fontello'>Pr\u00f3ximo<\/a><\/div><div class='avia-slideshow-dots avia-slideshow-controls'><a href='#1' class='goto-slide active' >1<\/a><a href='#2' class='goto-slide ' >2<\/a><a href='#3' class='goto-slide ' >3<\/a><a href='#4' class='goto-slide ' >4<\/a><\/div><\/div><\/div>\n<div class=\"flex_column av_one_full  flex_column_div av-zero-column-padding first  avia-builder-el-9  el_after_av_one_half  el_before_av_one_full  column-top-margin\" style='border-radius:0px; '><\/div>\n<div class=\"flex_column av_one_full  flex_column_div av-zero-column-padding first  avia-builder-el-10  el_after_av_one_full  el_before_av_one_full  column-top-margin\" style='border-radius:0px; '><div  style='padding-bottom:10px; ' class='av-special-heading av-special-heading-h3  blockquote modern-quote modern-centered  avia-builder-el-11  avia-builder-el-no-sibling  '><h3 class='av-special-heading-tag '  itemprop=\"headline\"  >Nossa Equipe<\/h3><div class='special-heading-border'><div class='special-heading-inner-border' ><\/div><\/div><\/div><\/div>\n<div class=\"flex_column av_one_full  flex_column_div av-zero-column-padding first  avia-builder-el-12  el_after_av_one_full  el_before_av_one_half  column-top-margin\" style='border-radius:0px; '><\/div>\n<div class=\"flex_column av_one_half  flex_column_div av-zero-column-padding first  avia-builder-el-13  el_after_av_one_full  el_before_av_one_half  column-top-margin\" style='border-radius:0px; '><p><div  style='height:50px' class='hr hr-invisible   avia-builder-el-14  el_before_av_textblock  avia-builder-el-first '><span class='hr-inner ' ><span class='hr-inner-style'><\/span><\/span><\/div><br \/>\n<section class=\"av_textblock_section \"  itemscope=\"itemscope\" itemtype=\"https:\/\/schema.org\/CreativeWork\" ><div class='avia_textblock  '   itemprop=\"text\" ><p style=\"font-weight: 400;\">Pedagoga Cristiane Tkatch Niederauer.<\/p>\n<p style=\"font-weight: 400;\">Nutricionista Roselaine Maria Kalisiensky.<\/p>\n<p style=\"font-weight: 400;\">Diretoras Maria Cristina e Maribel Ferraz Nardi<\/p>\n<\/div><\/section><\/p><\/div><div class=\"flex_column av_one_half  flex_column_div av-zero-column-padding   avia-builder-el-16  el_after_av_one_half  el_before_av_one_fourth  column-top-margin\" style='border-radius:0px; '><div   data-size='no scaling'  data-lightbox_size='large'  data-animation='slide'  data-conditional_play=''  data-ids='1154,1155,1156'  data-video_counter='0'  data-autoplay='true'  data-bg_slider='false'  data-slide_height=''  data-handle='av_slideshow'  data-interval='5'  data-class=' avia-builder-el-17  avia-builder-el-no-sibling  '  data-el_id=''  data-css_id=''  data-scroll_down=''  data-control_layout='av-control-default'  data-custom_markup=''  data-perma_caption=''  data-autoplay_stopper=''  data-image_attachment=''  data-min_height='0px'  data-lazy_loading='disabled'  class='avia-slideshow avia-slideshow-2  av-control-default av-default-height-applied avia-slideshow-no scaling av_slideshow  avia-builder-el-17  avia-builder-el-no-sibling   avia-slide-slider '  itemprop=\"image\" itemscope=\"itemscope\" itemtype=\"https:\/\/schema.org\/ImageObject\" ><ul class='avia-slideshow-inner ' style='padding-bottom: 66.6796875%;' ><li  class=' slide-1 ' ><div data-rel='slideshow-2' class='avia-slide-wrap '   ><img decoding=\"async\" class=\"wp-image-1154 avia-img-lazy-loading-not-1154\"  src=\"https:\/\/favinhodemel.com.br\/wp-content\/uploads\/2019\/11\/diretoras-2-scaled.jpg\" width=\"2560\" height=\"1707\" title='diretoras (2)' alt=''  itemprop=\"thumbnailUrl\" srcset=\"https:\/\/favinhodemel.com.br\/wp-content\/uploads\/2019\/11\/diretoras-2-scaled.jpg 2560w, https:\/\/favinhodemel.com.br\/wp-content\/uploads\/2019\/11\/diretoras-2-300x200.jpg 300w, https:\/\/favinhodemel.com.br\/wp-content\/uploads\/2019\/11\/diretoras-2-1030x687.jpg 1030w, https:\/\/favinhodemel.com.br\/wp-content\/uploads\/2019\/11\/diretoras-2-768x512.jpg 768w, https:\/\/favinhodemel.com.br\/wp-content\/uploads\/2019\/11\/diretoras-2-1536x1024.jpg 1536w, https:\/\/favinhodemel.com.br\/wp-content\/uploads\/2019\/11\/diretoras-2-2048x1365.jpg 2048w, https:\/\/favinhodemel.com.br\/wp-content\/uploads\/2019\/11\/diretoras-2-1500x1000.jpg 1500w, https:\/\/favinhodemel.com.br\/wp-content\/uploads\/2019\/11\/diretoras-2-705x470.jpg 705w, https:\/\/favinhodemel.com.br\/wp-content\/uploads\/2019\/11\/diretoras-2-450x300.jpg 450w\" sizes=\"(max-width: 2560px) 100vw, 2560px\" \/><\/div><\/li><li  class=' slide-2 ' ><div data-rel='slideshow-2' class='avia-slide-wrap '   ><img decoding=\"async\" class=\"wp-image-1155 avia-img-lazy-loading-not-1155\"  src=\"https:\/\/favinhodemel.com.br\/wp-content\/uploads\/2019\/11\/diretoras-3-scaled.jpg\" width=\"2560\" height=\"1700\" title='diretoras (3)' alt=''  itemprop=\"thumbnailUrl\" srcset=\"https:\/\/favinhodemel.com.br\/wp-content\/uploads\/2019\/11\/diretoras-3-scaled.jpg 2560w, https:\/\/favinhodemel.com.br\/wp-content\/uploads\/2019\/11\/diretoras-3-300x199.jpg 300w, https:\/\/favinhodemel.com.br\/wp-content\/uploads\/2019\/11\/diretoras-3-1030x684.jpg 1030w, https:\/\/favinhodemel.com.br\/wp-content\/uploads\/2019\/11\/diretoras-3-768x510.jpg 768w, https:\/\/favinhodemel.com.br\/wp-content\/uploads\/2019\/11\/diretoras-3-1536x1020.jpg 1536w, https:\/\/favinhodemel.com.br\/wp-content\/uploads\/2019\/11\/diretoras-3-2048x1360.jpg 2048w, https:\/\/favinhodemel.com.br\/wp-content\/uploads\/2019\/11\/diretoras-3-1500x996.jpg 1500w, https:\/\/favinhodemel.com.br\/wp-content\/uploads\/2019\/11\/diretoras-3-705x468.jpg 705w, https:\/\/favinhodemel.com.br\/wp-content\/uploads\/2019\/11\/diretoras-3-450x299.jpg 450w\" sizes=\"(max-width: 2560px) 100vw, 2560px\" \/><\/div><\/li><li  class=' slide-3 ' ><div data-rel='slideshow-2' class='avia-slide-wrap '   ><img decoding=\"async\" class=\"wp-image-1156 avia-img-lazy-loading-not-1156\"  src=\"https:\/\/favinhodemel.com.br\/wp-content\/uploads\/2019\/11\/diretoras-4-scaled.jpg\" width=\"2560\" height=\"1700\" title='diretoras (4)' alt=''  itemprop=\"thumbnailUrl\" srcset=\"https:\/\/favinhodemel.com.br\/wp-content\/uploads\/2019\/11\/diretoras-4-scaled.jpg 2560w, https:\/\/favinhodemel.com.br\/wp-content\/uploads\/2019\/11\/diretoras-4-300x199.jpg 300w, https:\/\/favinhodemel.com.br\/wp-content\/uploads\/2019\/11\/diretoras-4-1030x684.jpg 1030w, https:\/\/favinhodemel.com.br\/wp-content\/uploads\/2019\/11\/diretoras-4-768x510.jpg 768w, https:\/\/favinhodemel.com.br\/wp-content\/uploads\/2019\/11\/diretoras-4-1536x1020.jpg 1536w, https:\/\/favinhodemel.com.br\/wp-content\/uploads\/2019\/11\/diretoras-4-2048x1360.jpg 2048w, https:\/\/favinhodemel.com.br\/wp-content\/uploads\/2019\/11\/diretoras-4-1500x996.jpg 1500w, https:\/\/favinhodemel.com.br\/wp-content\/uploads\/2019\/11\/diretoras-4-705x468.jpg 705w, https:\/\/favinhodemel.com.br\/wp-content\/uploads\/2019\/11\/diretoras-4-450x299.jpg 450w\" sizes=\"(max-width: 2560px) 100vw, 2560px\" \/><\/div><\/li><\/ul><div class='avia-slideshow-arrows avia-slideshow-controls'><a href='#prev' class='prev-slide' aria-hidden='true' data-av_icon='\ue87c' data-av_iconfont='entypo-fontello'>Anterior<\/a><a href='#next' class='next-slide' aria-hidden='true' data-av_icon='\ue87d' data-av_iconfont='entypo-fontello'>Pr\u00f3ximo<\/a><\/div><div class='avia-slideshow-dots avia-slideshow-controls'><a href='#1' class='goto-slide active' >1<\/a><a href='#2' class='goto-slide ' >2<\/a><a href='#3' class='goto-slide ' >3<\/a><\/div><\/div><\/div><\/p>\n<div class=\"flex_column av_one_fourth  flex_column_div av-zero-column-padding first  avia-builder-el-18  el_after_av_one_half  el_before_av_one_half  column-top-margin\" style='border-radius:0px; '><\/div>\n<div class=\"flex_column av_one_half  flex_column_div av-zero-column-padding   avia-builder-el-19  el_after_av_one_fourth  el_before_av_one_fourth  column-top-margin\" style='border-radius:0px; '><article  class=\"iconbox iconbox_top main_color    avia-builder-el-20  avia-builder-el-no-sibling  \"  itemscope=\"itemscope\" itemtype=\"https:\/\/schema.org\/CreativeWork\" ><div class=\"iconbox_content\"><header class=\"entry-content-header\"><a href='https:\/\/favinhodemel.com.br\/index.php\/contato\/' title='Quer saber mais?'  class=\"iconbox_icon heading-color\" aria-hidden='true' data-av_icon='\ue81c' data-av_iconfont='entypo-fontello'  ><\/a><h3 class='iconbox_content_title  '  itemprop=\"headline\"  ><a href='https:\/\/favinhodemel.com.br\/index.php\/contato\/' title='Quer saber mais?' >Quer saber mais?<\/a><\/h3><\/header><div class='iconbox_content_container  '  itemprop=\"text\"  ><p>Agende uma visita e venha nos conhecer!<u><\/u><\/p>\n<\/div><\/div><footer class=\"entry-footer\"><\/footer><\/article><\/div>\n<div class=\"flex_column av_one_fourth  flex_column_div av-zero-column-padding   avia-builder-el-21  el_after_av_one_half  avia-builder-el-last  column-top-margin\" style='border-radius:0px; '><\/div>\n","protected":false},"excerpt":{"rendered":"","protected":false},"author":1,"featured_media":0,"parent":0,"menu_order":0,"comment_status":"closed","ping_status":"closed","template":"","meta":{"footnotes":""},"class_list":["post-1148","page","type-page","status-publish","hentry"],"_links":{"self":[{"href":"https:\/\/favinhodemel.com.br\/index.php\/wp-json\/wp\/v2\/pages\/1148","targetHints":{"allow":["GET"]}}],"collection":[{"href":"https:\/\/favinhodemel.com.br\/index.php\/wp-json\/wp\/v2\/pages"}],"about":[{"href":"https:\/\/favinhodemel.com.br\/index.php\/wp-json\/wp\/v2\/types\/page"}],"author":[{"embeddable":true,"href":"https:\/\/favinhodemel.com.br\/index.php\/wp-json\/wp\/v2\/users\/1"}],"replies":[{"embeddable":true,"href":"https:\/\/favinhodemel.com.br\/index.php\/wp-json\/wp\/v2\/comments?post=1148"}],"version-history":[{"count":0,"href":"https:\/\/favinhodemel.com.br\/index.php\/wp-json\/wp\/v2\/pages\/1148\/revisions"}],"wp:attachment":[{"href":"https:\/\/favinhodemel.com.br\/index.php\/wp-json\/wp\/v2\/media?parent=1148"}],"curies":[{"name":"wp","href":"https:\/\/api.w.org\/{rel}","templated":true}]}}